{"id":97,"date":"2024-10-25T10:35:01","date_gmt":"2024-10-25T08:35:01","guid":{"rendered":"https:\/\/juventudcomunista.com\/tienda\/?post_type=product&#038;p=97"},"modified":"2025-02-10T10:25:09","modified_gmt":"2025-02-10T08:25:09","slug":"revolucio-edicion-especial-40o-aniversari","status":"publish","type":"product","link":"https:\/\/juventudcomunista.com\/tienda\/producto\/revolucio-edicion-especial-40o-aniversari\/","title":{"rendered":"Revoluci\u00f3 Edici\u00f3n especial 40\u00ba Aniversari"},"content":{"rendered":"<p>Ejemplar de la edici\u00f3n especial impresa en el 40\u00ba aniversario de los CJC de Catalunya.<\/p>\n<p>El sabado 25 de febrero de 2023 en Sant Adri\u00e0 del Bes\u00f2s se celebr\u00f3 la Fiesta de Revoluci\u00f3 con motivo del 40\u00ba aniversario de los CJC de Catalunya. Un evento que reuni\u00f3 a la mayor\u00eda de los jovenes comunistas de aquellos a\u00f1os 80 y 90, que tuvo un gran espacio para la cultura y la solidaridad y que cont\u00f3 con la presencia de las organizaciones juveniles que se reclaman herederas de aquellos CJC.<\/p>\n<p>Con ese motivo se realiz\u00f3 una revista, edici\u00f3n especial del Revoluci\u00f3 que con 32 p\u00e1ginas es un recorrido sobre aquellos a\u00f1os con aportaciones de muchos de los protagonistas.<\/p>\n<p>Si quieres disponer de un ejemplar historico, c\u00f3mpralo aqu\u00ed.<\/p>\n<p>Donados por el grupo promotor del 40\u00ba Aniversari dels CJC<\/p>\n<p>Al comprar este art\u00edculo, habr\u00e1s contribuido a la financiaci\u00f3n del 40\u00ba aniversario de los CJC (Colectivos de J\u00f3venes Comunistas), apoyando as\u00ed nuestras actividades solidarias y celebraciones conmemorativas. Con tu compra, no solo obtienes un art\u00edculo simb\u00f3lico, sino que tambi\u00e9n ayudas a fortalecer el objetivo del evento que se se ha celebrado en Madrid para RECORDAR, SENTIR Y CONTAR la lucha y los valores que defendimos hace cuatro d\u00e9cadas. Los beneficios que puedan quedar se emplearan en apoyo a organizaciones solidarias con Palestina, Sahara Occidental y Cuba. \u00a1Gracias por tu apoyo!<\/p>\n","protected":false},"excerpt":{"rendered":"<p>Con motivo del 40\u00ba aniversario de los CJC de Catalunya, se celebr\u00f3 el 25 de febrero de 2023 en Sant Adri\u00e0 del Bes\u00f2s la <strong>Fiesta de Revoluci\u00f3<\/strong>, un evento que reuni\u00f3 a j\u00f3venes comunistas de los a\u00f1os 80 y 90, con espacio para la cultura y la solidaridad, y la presencia de organizaciones juveniles herederas de los CJC. En esta ocasi\u00f3n, se public\u00f3 una edici\u00f3n especial de la revista <strong>Revoluci\u00f3<\/strong>, un ejemplar hist\u00f3rico de 32 p\u00e1ginas que repasa aquellos a\u00f1os con testimonios de los protagonistas.<\/p>\n","protected":false},"featured_media":99,"comment_status":"open","ping_status":"closed","template":"","meta":{"site-sidebar-layout":"default","site-content-layout":"","ast-site-content-layout":"default","site-content-style":"default","site-sidebar-style":"default","ast-global-header-display":"","ast-banner-title-visibility":"","ast-main-header-display":"","ast-hfb-above-header-display":"","ast-hfb-below-header-display":"","ast-hfb-mobile-header-display":"","site-post-title":"","ast-breadcrumbs-content":"","ast-featured-img":"","footer-sml-layout":"","ast-disable-related-posts":"","theme-transparent-header-meta":"default","adv-header-id-meta":"","stick-header-meta":"","header-above-stick-meta":"","header-main-stick-meta":"","header-below-stick-meta":"","astra-migrate-meta-layouts":"set","ast-page-background-enabled":"default","ast-page-background-meta":{"desktop":{"background-color":"var(--ast-global-color-4)","background-image":"","background-repeat":"repeat","background-position":"center center","background-size":"auto","background-attachment":"scroll","background-type":"","background-media":"","overlay-type":"","overlay-color":"","overlay-opacity":"","overlay-gradient":""},"tablet":{"background-color":"","background-image":"","background-repeat":"repeat","background-position":"center center","background-size":"auto","background-attachment":"scroll","background-type":"","background-media":"","overlay-type":"","overlay-color":"","overlay-opacity":"","overlay-gradient":""},"mobile":{"background-color":"","background-image":"","background-repeat":"repeat","background-position":"center center","background-size":"auto","background-attachment":"scroll","background-type":"","background-media":"","overlay-type":"","overlay-color":"","overlay-opacity":"","overlay-gradient":""}},"ast-content-background-meta":{"desktop":{"background-color":"var(--ast-global-color-5)","background-image":"","background-repeat":"repeat","background-position":"center center","background-size":"auto","background-attachment":"scroll","background-type":"","background-media":"","overlay-type":"","overlay-color":"","overlay-opacity":"","overlay-gradient":""},"tablet":{"background-color":"var(--ast-global-color-5)","background-image":"","background-repeat":"repeat","background-position":"center center","background-size":"auto","background-attachment":"scroll","background-type":"","background-media":"","overlay-type":"","overlay-color":"","overlay-opacity":"","overlay-gradient":""},"mobile":{"background-color":"var(--ast-global-color-5)","background-image":"","background-repeat":"repeat","background-position":"center center","background-size":"auto","background-attachment":"scroll","background-type":"","background-media":"","overlay-type":"","overlay-color":"","overlay-opacity":"","overlay-gradient":""}}},"product_brand":[],"product_cat":[28],"product_tag":[],"class_list":{"0":"post-97","1":"product","2":"type-product","3":"status-publish","4":"has-post-thumbnail","6":"product_cat-revistas-y-libros","7":"desktop-align-left","8":"tablet-align-left","9":"mobile-align-left","11":"first","12":"instock","13":"shipping-taxable","14":"purchasable","15":"product-type-simple"},"_links":{"self":[{"href":"https:\/\/juventudcomunista.com\/tienda\/wp-json\/wp\/v2\/product\/97","targetHints":{"allow":["GET"]}}],"collection":[{"href":"https:\/\/juventudcomunista.com\/tienda\/wp-json\/wp\/v2\/product"}],"about":[{"href":"https:\/\/juventudcomunista.com\/tienda\/wp-json\/wp\/v2\/types\/product"}],"replies":[{"embeddable":true,"href":"https:\/\/juventudcomunista.com\/tienda\/wp-json\/wp\/v2\/comments?post=97"}],"wp:featuredmedia":[{"embeddable":true,"href":"https:\/\/juventudcomunista.com\/tienda\/wp-json\/wp\/v2\/media\/99"}],"wp:attachment":[{"href":"https:\/\/juventudcomunista.com\/tienda\/wp-json\/wp\/v2\/media?parent=97"}],"wp:term":[{"taxonomy":"product_brand","embeddable":true,"href":"https:\/\/juventudcomunista.com\/tienda\/wp-json\/wp\/v2\/product_brand?post=97"},{"taxonomy":"product_cat","embeddable":true,"href":"https:\/\/juventudcomunista.com\/tienda\/wp-json\/wp\/v2\/product_cat?post=97"},{"taxonomy":"product_tag","embeddable":true,"href":"https:\/\/juventudcomunista.com\/tienda\/wp-json\/wp\/v2\/product_tag?post=97"}],"curies":[{"name":"wp","href":"https:\/\/api.w.org\/{rel}","templated":true}]}}