{"id":279,"date":"2025-02-10T10:41:10","date_gmt":"2025-02-10T08:41:10","guid":{"rendered":"https:\/\/juventudcomunista.com\/tienda\/?post_type=product&#038;p=279"},"modified":"2025-02-10T10:41:10","modified_gmt":"2025-02-10T08:41:10","slug":"insignia-oficial-del-40cj","status":"publish","type":"product","link":"https:\/\/juventudcomunista.com\/tienda\/producto\/insignia-oficial-del-40cj\/","title":{"rendered":"Insignia oficial del 40CJ"},"content":{"rendered":"<p>Esta es la insignia que se realizo con motivo de la conmemoraci\u00f3n del 40 aniversario de los CJC para el evento celebrado en Madrid el 18 de enero de 2025.<\/p>\n<p>La insignia de <strong>40CJ<\/strong> (Colectivos de J\u00f3venes Comunistas) de los a\u00f1os 80 y 90 es un s\u00edmbolo hist\u00f3rico de la militancia juvenil comunista en Espa\u00f1a. Fabricada en plastico inyectado por una afamada joyer\u00eda con un dise\u00f1o sobrio pero emblem\u00e1tico. La chapa presenta el cl\u00e1sico logotipo de los CJC, con las siglas en rojo intenso, un color que simboliza la lucha obrera y la solidaridad internacionalista. Se a\u00f1ade un 4 cerrando la ultima C para que aparezca el n\u00famero 40 por los a\u00f1os que se cumplen de la fundaci\u00f3n de los CJC en Espa\u00f1a. Esta insignia es un objeto para coleccionistas y antiguos militantes de los CJC que esten orgullosos de su historia y quieran RECORDAR, SENTIR y CONTAR.<\/p>\n<p>Hay 20 unidades.<\/p>\n<p>Al comprar este art\u00edculo, habr\u00e1s contribuido a la financiaci\u00f3n del 40\u00ba aniversario de los CJC (Colectivos de J\u00f3venes Comunistas), apoyando as\u00ed nuestras actividades solidarias y celebraciones conmemorativas. Con tu compra, no solo obtienes un art\u00edculo simb\u00f3lico, sino que tambi\u00e9n ayudas a fortalecer el objetivo del evento que se se ha celebrado en Madrid para RECORDAR, SENTIR Y CONTAR la lucha y los valores que defendimos hace cuatro d\u00e9cadas. Los beneficios que puedan quedar se emplearan en apoyo a organizaciones solidarias con Palestina, Sahara Occidental y Cuba. \u00a1Gracias por tu apoyo!<\/p>\n","protected":false},"excerpt":{"rendered":"<p>Esta es la insignia que se realizo <strong>con motivo de la conmemoraci\u00f3n del 40 aniversario de los CJC<\/strong> para el evento celebrado en Madrid el 18 de enero de 2025.<\/p>\n","protected":false},"featured_media":269,"comment_status":"open","ping_status":"closed","template":"","meta":{"site-sidebar-layout":"default","site-content-layout":"","ast-site-content-layout":"default","site-content-style":"default","site-sidebar-style":"default","ast-global-header-display":"","ast-banner-title-visibility":"","ast-main-header-display":"","ast-hfb-above-header-display":"","ast-hfb-below-header-display":"","ast-hfb-mobile-header-display":"","site-post-title":"","ast-breadcrumbs-content":"","ast-featured-img":"","footer-sml-layout":"","ast-disable-related-posts":"","theme-transparent-header-meta":"default","adv-header-id-meta":"","stick-header-meta":"","header-above-stick-meta":"","header-main-stick-meta":"","header-below-stick-meta":"","astra-migrate-meta-layouts":"set","ast-page-background-enabled":"default","ast-page-background-meta":{"desktop":{"background-color":"var(--ast-global-color-4)","background-image":"","background-repeat":"repeat","background-position":"center center","background-size":"auto","background-attachment":"scroll","background-type":"","background-media":"","overlay-type":"","overlay-color":"","overlay-opacity":"","overlay-gradient":""},"tablet":{"background-color":"","background-image":"","background-repeat":"repeat","background-position":"center center","background-size":"auto","background-attachment":"scroll","background-type":"","background-media":"","overlay-type":"","overlay-color":"","overlay-opacity":"","overlay-gradient":""},"mobile":{"background-color":"","background-image":"","background-repeat":"repeat","background-position":"center center","background-size":"auto","background-attachment":"scroll","background-type":"","background-media":"","overlay-type":"","overlay-color":"","overlay-opacity":"","overlay-gradient":""}},"ast-content-background-meta":{"desktop":{"background-color":"var(--ast-global-color-5)","background-image":"","background-repeat":"repeat","background-position":"center center","background-size":"auto","background-attachment":"scroll","background-type":"","background-media":"","overlay-type":"","overlay-color":"","overlay-opacity":"","overlay-gradient":""},"tablet":{"background-color":"var(--ast-global-color-5)","background-image":"","background-repeat":"repeat","background-position":"center center","background-size":"auto","background-attachment":"scroll","background-type":"","background-media":"","overlay-type":"","overlay-color":"","overlay-opacity":"","overlay-gradient":""},"mobile":{"background-color":"var(--ast-global-color-5)","background-image":"","background-repeat":"repeat","background-position":"center center","background-size":"auto","background-attachment":"scroll","background-type":"","background-media":"","overlay-type":"","overlay-color":"","overlay-opacity":"","overlay-gradient":""}}},"product_brand":[],"product_cat":[15,18],"product_tag":[],"class_list":{"0":"post-279","1":"product","2":"type-product","3":"status-publish","4":"has-post-thumbnail","6":"product_cat-general","7":"product_cat-insignias","8":"desktop-align-left","9":"tablet-align-left","10":"mobile-align-left","12":"first","13":"instock","14":"shipping-taxable","15":"purchasable","16":"product-type-simple"},"_links":{"self":[{"href":"https:\/\/juventudcomunista.com\/tienda\/wp-json\/wp\/v2\/product\/279","targetHints":{"allow":["GET"]}}],"collection":[{"href":"https:\/\/juventudcomunista.com\/tienda\/wp-json\/wp\/v2\/product"}],"about":[{"href":"https:\/\/juventudcomunista.com\/tienda\/wp-json\/wp\/v2\/types\/product"}],"replies":[{"embeddable":true,"href":"https:\/\/juventudcomunista.com\/tienda\/wp-json\/wp\/v2\/comments?post=279"}],"wp:featuredmedia":[{"embeddable":true,"href":"https:\/\/juventudcomunista.com\/tienda\/wp-json\/wp\/v2\/media\/269"}],"wp:attachment":[{"href":"https:\/\/juventudcomunista.com\/tienda\/wp-json\/wp\/v2\/media?parent=279"}],"wp:term":[{"taxonomy":"product_brand","embeddable":true,"href":"https:\/\/juventudcomunista.com\/tienda\/wp-json\/wp\/v2\/product_brand?post=279"},{"taxonomy":"product_cat","embeddable":true,"href":"https:\/\/juventudcomunista.com\/tienda\/wp-json\/wp\/v2\/product_cat?post=279"},{"taxonomy":"product_tag","embeddable":true,"href":"https:\/\/juventudcomunista.com\/tienda\/wp-json\/wp\/v2\/product_tag?post=279"}],"curies":[{"name":"wp","href":"https:\/\/api.w.org\/{rel}","templated":true}]}}