{"id":234,"date":"2024-12-16T21:52:27","date_gmt":"2024-12-16T19:52:27","guid":{"rendered":"https:\/\/juventudcomunista.com\/tienda\/?post_type=product&#038;p=234"},"modified":"2025-02-10T09:52:30","modified_gmt":"2025-02-10T07:52:30","slug":"revista-homenaje-a-jose-miguel-cespedes-fisica","status":"publish","type":"product","link":"https:\/\/juventudcomunista.com\/tienda\/producto\/revista-homenaje-a-jose-miguel-cespedes-fisica\/","title":{"rendered":"Revista homenaje a Jose Miguel Cespedes f\u00edsica"},"content":{"rendered":"<p><strong>\u00abRevista Homenaje a Jos\u00e9 Miguel C\u00e9spedes\u00bb (25 de abril de 2004) ejemplar real<\/strong><\/p>\n<p>Esta revista es un tributo \u00fanico y emotivo a <strong>Jos\u00e9 Miguel C\u00e9spedes<\/strong>, figura clave en la reconstrucci\u00f3n de la Juventud Comunista en los a\u00f1os 80 y 90. Publicada el 25 de abril de 2004, recoge testimonios, an\u00e1lisis y recuerdos de quienes compartieron lucha y vida con este gran referente del movimiento comunista en Espa\u00f1a.<\/p>\n<p>En sus p\u00e1ginas encontrar\u00e1s:<\/p>\n<ul>\n<li>Reflexiones sobre su incansable trabajo por la unidad y la organizaci\u00f3n de la juventud.<\/li>\n<li>Relatos de su compromiso revolucionario y su visi\u00f3n estrat\u00e9gica para la construcci\u00f3n de un movimiento juvenil s\u00f3lido y transformador.<\/li>\n<li>Fotograf\u00edas hist\u00f3ricas y documentos que dan vida a la memoria colectiva de los CJC.<\/li>\n<\/ul>\n<p>Esta revista es m\u00e1s que un homenaje; es una fuente invaluable para quienes buscan inspiraci\u00f3n en las luchas pasadas para construir el futuro. Un testimonio imprescindible para comprender la fuerza y la relevancia de la Juventud Comunista en las d\u00e9cadas recientes.<\/p>\n<p>Donada por Pablo Santiago.<\/p>\n<p>Hay 1 unidad.<\/p>\n<p>Al comprar este art\u00edculo, habr\u00e1s contribuido a la financiaci\u00f3n del 40\u00ba aniversario de los CJC (Colectivos de J\u00f3venes Comunistas), apoyando as\u00ed a nuestras actividades solidarias y celebraciones conmemorativas. Con tu compra, no solo obtienes un art\u00edculo simb\u00f3lico, sino que tambi\u00e9n ayudas a fortalecer el objetivo del evento que se se ha celebrado en Madrid para RECORDAR, SENTIR Y CONTAR la lucha y los valores que defendimos hace cuatro d\u00e9cadas. Los beneficios que puedan quedar se emplearan en apoyo a organizaciones solidarias con Palestina, Sahara Occidental y Cuba. \u00a1Gracias por tu apoyo!<\/p>\n","protected":false},"excerpt":{"rendered":"<p>Revista homenaje a <strong>Jos\u00e9 Miguel C\u00e9spedes<\/strong>, referente de los CJC, con testimonios, an\u00e1lisis y fotograf\u00edas hist\u00f3ricas. Una obra \u00fanica que celebra su legado en la lucha por la unidad y los derechos de la juventud. \u00a1Imprescindible para coleccionistas y militantes! Versi\u00f3n f\u00edsica.<\/p>\n","protected":false},"featured_media":236,"comment_status":"open","ping_status":"closed","template":"","meta":{"site-sidebar-layout":"default","site-content-layout":"","ast-site-content-layout":"default","site-content-style":"default","site-sidebar-style":"default","ast-global-header-display":"","ast-banner-title-visibility":"","ast-main-header-display":"","ast-hfb-above-header-display":"","ast-hfb-below-header-display":"","ast-hfb-mobile-header-display":"","site-post-title":"","ast-breadcrumbs-content":"","ast-featured-img":"","footer-sml-layout":"","ast-disable-related-posts":"","theme-transparent-header-meta":"default","adv-header-id-meta":"","stick-header-meta":"","header-above-stick-meta":"","header-main-stick-meta":"","header-below-stick-meta":"","astra-migrate-meta-layouts":"set","ast-page-background-enabled":"default","ast-page-background-meta":{"desktop":{"background-color":"var(--ast-global-color-4)","background-image":"","background-repeat":"repeat","background-position":"center center","background-size":"auto","background-attachment":"scroll","background-type":"","background-media":"","overlay-type":"","overlay-color":"","overlay-opacity":"","overlay-gradient":""},"tablet":{"background-color":"","background-image":"","background-repeat":"repeat","background-position":"center center","background-size":"auto","background-attachment":"scroll","background-type":"","background-media":"","overlay-type":"","overlay-color":"","overlay-opacity":"","overlay-gradient":""},"mobile":{"background-color":"","background-image":"","background-repeat":"repeat","background-position":"center center","background-size":"auto","background-attachment":"scroll","background-type":"","background-media":"","overlay-type":"","overlay-color":"","overlay-opacity":"","overlay-gradient":""}},"ast-content-background-meta":{"desktop":{"background-color":"var(--ast-global-color-5)","background-image":"","background-repeat":"repeat","background-position":"center center","background-size":"auto","background-attachment":"scroll","background-type":"","background-media":"","overlay-type":"","overlay-color":"","overlay-opacity":"","overlay-gradient":""},"tablet":{"background-color":"var(--ast-global-color-5)","background-image":"","background-repeat":"repeat","background-position":"center center","background-size":"auto","background-attachment":"scroll","background-type":"","background-media":"","overlay-type":"","overlay-color":"","overlay-opacity":"","overlay-gradient":""},"mobile":{"background-color":"var(--ast-global-color-5)","background-image":"","background-repeat":"repeat","background-position":"center center","background-size":"auto","background-attachment":"scroll","background-type":"","background-media":"","overlay-type":"","overlay-color":"","overlay-opacity":"","overlay-gradient":""}}},"product_brand":[],"product_cat":[28],"product_tag":[],"class_list":{"0":"post-234","1":"product","2":"type-product","3":"status-publish","4":"has-post-thumbnail","6":"product_cat-revistas-y-libros","7":"desktop-align-left","8":"tablet-align-left","9":"mobile-align-left","11":"first","12":"instock","13":"shipping-taxable","14":"purchasable","15":"product-type-simple"},"_links":{"self":[{"href":"https:\/\/juventudcomunista.com\/tienda\/wp-json\/wp\/v2\/product\/234","targetHints":{"allow":["GET"]}}],"collection":[{"href":"https:\/\/juventudcomunista.com\/tienda\/wp-json\/wp\/v2\/product"}],"about":[{"href":"https:\/\/juventudcomunista.com\/tienda\/wp-json\/wp\/v2\/types\/product"}],"replies":[{"embeddable":true,"href":"https:\/\/juventudcomunista.com\/tienda\/wp-json\/wp\/v2\/comments?post=234"}],"wp:featuredmedia":[{"embeddable":true,"href":"https:\/\/juventudcomunista.com\/tienda\/wp-json\/wp\/v2\/media\/236"}],"wp:attachment":[{"href":"https:\/\/juventudcomunista.com\/tienda\/wp-json\/wp\/v2\/media?parent=234"}],"wp:term":[{"taxonomy":"product_brand","embeddable":true,"href":"https:\/\/juventudcomunista.com\/tienda\/wp-json\/wp\/v2\/product_brand?post=234"},{"taxonomy":"product_cat","embeddable":true,"href":"https:\/\/juventudcomunista.com\/tienda\/wp-json\/wp\/v2\/product_cat?post=234"},{"taxonomy":"product_tag","embeddable":true,"href":"https:\/\/juventudcomunista.com\/tienda\/wp-json\/wp\/v2\/product_tag?post=234"}],"curies":[{"name":"wp","href":"https:\/\/api.w.org\/{rel}","templated":true}]}}