{"id":198,"date":"2024-11-06T19:01:37","date_gmt":"2024-11-06T17:01:37","guid":{"rendered":"https:\/\/juventudcomunista.com\/tienda\/?post_type=product&#038;p=198"},"modified":"2025-02-10T09:54:32","modified_gmt":"2025-02-10T07:54:32","slug":"198","status":"publish","type":"product","link":"https:\/\/juventudcomunista.com\/tienda\/producto\/198\/","title":{"rendered":"Bandera Roja Rep\u00fablicana"},"content":{"rendered":"<p>Esta impresionante <strong>bandera roja a dos caras<\/strong> es una creaci\u00f3n original que rinde homenaje a la est\u00e9tica y simbolog\u00eda sovi\u00e9ticas. En el centro destaca una <strong>gran estrella dorada de cinco puntas<\/strong>, s\u00edmbolo universal del comunismo y la unidad proletaria, que enmarca la emblem\u00e1tica <strong>hoz y martillo<\/strong> en color dorado, representando la alianza entre campesinos y trabajadores industriales.<\/p>\n<p>El fondo rojo, tradicionalmente asociado con la revoluci\u00f3n y el sacrificio de los trabajadores, est\u00e1 complementado por un <strong>engranaje plateado<\/strong>, que simboliza el progreso industrial y la capacidad de la clase obrera para dirigir los medios de producci\u00f3n. Adem\u00e1s, una cinta decorativa en la parte inferior en tonos rojo, azul y dorado a\u00f1ade un toque de distinci\u00f3n y solemnidad al dise\u00f1o y un claro gui\u00f1o a la Rep\u00fablica Espa\u00f1ola.<\/p>\n<p>Esta bandera es un <strong>art\u00edculo \u00fanico y exclusivo<\/strong>, ideal para coleccionistas de memorabilia comunista o para quienes desean exhibir un s\u00edmbolo poderoso del movimiento obrero. Fabricada con materiales resistentes, su dise\u00f1o doble cara garantiza su visibilidad desde cualquier \u00e1ngulo. Se encuentra en <strong>perfecto estado<\/strong>, lista para convertirse en una pieza central en cualquier colecci\u00f3n hist\u00f3rica.<\/p>\n<p>Donada por Juanito, \u00abGuevarin\u00bb<\/p>\n<p>Hay 1 unidad.<\/p>\n<p>Al comprar este art\u00edculo, habr\u00e1s contribuido a la financiaci\u00f3n del 40\u00ba aniversario de los CJC (Colectivos de J\u00f3venes Comunistas), apoyando as\u00ed nuestras actividades solidarias y celebraciones conmemorativas. Con tu compra, no solo obtienes un art\u00edculo simb\u00f3lico, sino que tambi\u00e9n ayudas a fortalecer el objetivo del evento que se se ha celebrado en Madrid para RECORDAR, SENTIR Y CONTAR la lucha y los valores que defendimos hace cuatro d\u00e9cadas. Los beneficios que puedan quedar se emplearan en apoyo a organizaciones solidarias con Palestina, Sahara Occidental y Cuba. \u00a1Gracias por tu apoyo!<\/p>\n","protected":false},"excerpt":{"rendered":"<p><strong>Bandera roja de dise\u00f1o original a dos caras<\/strong> con estrella, hoz y martillo, y engranaje plateado. Pieza \u00fanica en perfecto estado, ideal para coleccionistas de memorabilia sovi\u00e9tica y s\u00edmbolos comunistas.<\/p>\n","protected":false},"featured_media":184,"comment_status":"open","ping_status":"closed","template":"","meta":{"site-sidebar-layout":"default","site-content-layout":"","ast-site-content-layout":"default","site-content-style":"default","site-sidebar-style":"default","ast-global-header-display":"","ast-banner-title-visibility":"","ast-main-header-display":"","ast-hfb-above-header-display":"","ast-hfb-below-header-display":"","ast-hfb-mobile-header-display":"","site-post-title":"","ast-breadcrumbs-content":"","ast-featured-img":"","footer-sml-layout":"","ast-disable-related-posts":"","theme-transparent-header-meta":"default","adv-header-id-meta":"","stick-header-meta":"","header-above-stick-meta":"","header-main-stick-meta":"","header-below-stick-meta":"","astra-migrate-meta-layouts":"set","ast-page-background-enabled":"default","ast-page-background-meta":{"desktop":{"background-color":"var(--ast-global-color-4)","background-image":"","background-repeat":"repeat","background-position":"center center","background-size":"auto","background-attachment":"scroll","background-type":"","background-media":"","overlay-type":"","overlay-color":"","overlay-opacity":"","overlay-gradient":""},"tablet":{"background-color":"","background-image":"","background-repeat":"repeat","background-position":"center center","background-size":"auto","background-attachment":"scroll","background-type":"","background-media":"","overlay-type":"","overlay-color":"","overlay-opacity":"","overlay-gradient":""},"mobile":{"background-color":"","background-image":"","background-repeat":"repeat","background-position":"center center","background-size":"auto","background-attachment":"scroll","background-type":"","background-media":"","overlay-type":"","overlay-color":"","overlay-opacity":"","overlay-gradient":""}},"ast-content-background-meta":{"desktop":{"background-color":"var(--ast-global-color-5)","background-image":"","background-repeat":"repeat","background-position":"center center","background-size":"auto","background-attachment":"scroll","background-type":"","background-media":"","overlay-type":"","overlay-color":"","overlay-opacity":"","overlay-gradient":""},"tablet":{"background-color":"var(--ast-global-color-5)","background-image":"","background-repeat":"repeat","background-position":"center center","background-size":"auto","background-attachment":"scroll","background-type":"","background-media":"","overlay-type":"","overlay-color":"","overlay-opacity":"","overlay-gradient":""},"mobile":{"background-color":"var(--ast-global-color-5)","background-image":"","background-repeat":"repeat","background-position":"center center","background-size":"auto","background-attachment":"scroll","background-type":"","background-media":"","overlay-type":"","overlay-color":"","overlay-opacity":"","overlay-gradient":""}}},"product_brand":[],"product_cat":[32],"product_tag":[],"class_list":{"0":"post-198","1":"product","2":"type-product","3":"status-publish","4":"has-post-thumbnail","6":"product_cat-banderas","7":"desktop-align-left","8":"tablet-align-left","9":"mobile-align-left","11":"first","12":"instock","13":"shipping-taxable","14":"purchasable","15":"product-type-simple"},"_links":{"self":[{"href":"https:\/\/juventudcomunista.com\/tienda\/wp-json\/wp\/v2\/product\/198","targetHints":{"allow":["GET"]}}],"collection":[{"href":"https:\/\/juventudcomunista.com\/tienda\/wp-json\/wp\/v2\/product"}],"about":[{"href":"https:\/\/juventudcomunista.com\/tienda\/wp-json\/wp\/v2\/types\/product"}],"replies":[{"embeddable":true,"href":"https:\/\/juventudcomunista.com\/tienda\/wp-json\/wp\/v2\/comments?post=198"}],"wp:featuredmedia":[{"embeddable":true,"href":"https:\/\/juventudcomunista.com\/tienda\/wp-json\/wp\/v2\/media\/184"}],"wp:attachment":[{"href":"https:\/\/juventudcomunista.com\/tienda\/wp-json\/wp\/v2\/media?parent=198"}],"wp:term":[{"taxonomy":"product_brand","embeddable":true,"href":"https:\/\/juventudcomunista.com\/tienda\/wp-json\/wp\/v2\/product_brand?post=198"},{"taxonomy":"product_cat","embeddable":true,"href":"https:\/\/juventudcomunista.com\/tienda\/wp-json\/wp\/v2\/product_cat?post=198"},{"taxonomy":"product_tag","embeddable":true,"href":"https:\/\/juventudcomunista.com\/tienda\/wp-json\/wp\/v2\/product_tag?post=198"}],"curies":[{"name":"wp","href":"https:\/\/api.w.org\/{rel}","templated":true}]}}