{"id":197,"date":"2024-11-06T18:58:46","date_gmt":"2024-11-06T16:58:46","guid":{"rendered":"https:\/\/juventudcomunista.com\/tienda\/?post_type=product&#038;p=197"},"modified":"2025-02-10T09:55:08","modified_gmt":"2025-02-10T07:55:08","slug":"197","status":"publish","type":"product","link":"https:\/\/juventudcomunista.com\/tienda\/producto\/197\/","title":{"rendered":"Bandera roja sovietica alternativa"},"content":{"rendered":"<p>Presentamos esta <strong>bandera roja sovi\u00e9tica alternativa<\/strong>, una pieza \u00fanica que resalta la simbolog\u00eda m\u00e1s ic\u00f3nica del comunismo internacional. En el centro de la bandera, un <strong>globo terr\u00e1queo con la hoz y el martillo dorados<\/strong> simboliza la unidad global de los trabajadores y la aspiraci\u00f3n hacia un mundo socialista. Este dise\u00f1o se encuentra rodeado por espigas de trigo, representando la prosperidad y el apoyo mutuo entre el campo y la industria, pilares fundamentales del sistema sovi\u00e9tico.<\/p>\n<p>El conjunto est\u00e1 enmarcado por una <strong>estrella dorada de cinco puntas<\/strong>, que refuerza el liderazgo del Partido Comunista y su visi\u00f3n global. En la parte superior, una peque\u00f1a estrella roja destaca sobre el globo, simbolizando la gu\u00eda revolucionaria.<\/p>\n<p>La bandera est\u00e1 confeccionada en un material de alta calidad, con colores vivos que mantienen su impacto visual. En excelente estado de conservaci\u00f3n, esta pieza es ideal tanto para coleccionistas de memorabilia sovi\u00e9tica como para quienes buscan un s\u00edmbolo potente del legado comunista.<\/p>\n<p>Donada por Juanito, \u00abGuevarin\u00bb<\/p>\n<p>Hay 1 unidad.<\/p>\n<p>Al comprar este art\u00edculo, habr\u00e1s contribuido a la financiaci\u00f3n del 40\u00ba aniversario de los CJC (Colectivos de J\u00f3venes Comunistas), apoyando as\u00ed nuestras actividades solidarias y celebraciones conmemorativas. Con tu compra, no solo obtienes un art\u00edculo simb\u00f3lico, sino que tambi\u00e9n ayudas a fortalecer el objetivo del evento que se se ha celebrado en Madrid para RECORDAR, SENTIR Y CONTAR la lucha y los valores que defendimos hace cuatro d\u00e9cadas. Los beneficios que puedan quedar se emplearan en apoyo a organizaciones solidarias con Palestina, Sahara Occidental y Cuba. \u00a1Gracias por tu apoyo!<\/p>\n","protected":false},"excerpt":{"rendered":"<p><strong>Bandera roja sovi\u00e9tica alternativa<\/strong> con globo terr\u00e1queo, hoz y martillo, espigas de trigo y estrella dorada. Pieza \u00fanica y en excelente estado, perfecta para coleccionistas de art\u00edculos hist\u00f3ricos de la URSS.<\/p>\n","protected":false},"featured_media":183,"comment_status":"open","ping_status":"closed","template":"","meta":{"site-sidebar-layout":"default","site-content-layout":"","ast-site-content-layout":"default","site-content-style":"default","site-sidebar-style":"default","ast-global-header-display":"","ast-banner-title-visibility":"","ast-main-header-display":"","ast-hfb-above-header-display":"","ast-hfb-below-header-display":"","ast-hfb-mobile-header-display":"","site-post-title":"","ast-breadcrumbs-content":"","ast-featured-img":"","footer-sml-layout":"","ast-disable-related-posts":"","theme-transparent-header-meta":"default","adv-header-id-meta":"","stick-header-meta":"","header-above-stick-meta":"","header-main-stick-meta":"","header-below-stick-meta":"","astra-migrate-meta-layouts":"set","ast-page-background-enabled":"default","ast-page-background-meta":{"desktop":{"background-color":"var(--ast-global-color-4)","background-image":"","background-repeat":"repeat","background-position":"center center","background-size":"auto","background-attachment":"scroll","background-type":"","background-media":"","overlay-type":"","overlay-color":"","overlay-opacity":"","overlay-gradient":""},"tablet":{"background-color":"","background-image":"","background-repeat":"repeat","background-position":"center center","background-size":"auto","background-attachment":"scroll","background-type":"","background-media":"","overlay-type":"","overlay-color":"","overlay-opacity":"","overlay-gradient":""},"mobile":{"background-color":"","background-image":"","background-repeat":"repeat","background-position":"center center","background-size":"auto","background-attachment":"scroll","background-type":"","background-media":"","overlay-type":"","overlay-color":"","overlay-opacity":"","overlay-gradient":""}},"ast-content-background-meta":{"desktop":{"background-color":"var(--ast-global-color-5)","background-image":"","background-repeat":"repeat","background-position":"center center","background-size":"auto","background-attachment":"scroll","background-type":"","background-media":"","overlay-type":"","overlay-color":"","overlay-opacity":"","overlay-gradient":""},"tablet":{"background-color":"var(--ast-global-color-5)","background-image":"","background-repeat":"repeat","background-position":"center center","background-size":"auto","background-attachment":"scroll","background-type":"","background-media":"","overlay-type":"","overlay-color":"","overlay-opacity":"","overlay-gradient":""},"mobile":{"background-color":"var(--ast-global-color-5)","background-image":"","background-repeat":"repeat","background-position":"center center","background-size":"auto","background-attachment":"scroll","background-type":"","background-media":"","overlay-type":"","overlay-color":"","overlay-opacity":"","overlay-gradient":""}}},"product_brand":[],"product_cat":[32],"product_tag":[],"class_list":{"0":"post-197","1":"product","2":"type-product","3":"status-publish","4":"has-post-thumbnail","6":"product_cat-banderas","7":"desktop-align-left","8":"tablet-align-left","9":"mobile-align-left","11":"first","12":"instock","13":"shipping-taxable","14":"purchasable","15":"product-type-simple"},"_links":{"self":[{"href":"https:\/\/juventudcomunista.com\/tienda\/wp-json\/wp\/v2\/product\/197","targetHints":{"allow":["GET"]}}],"collection":[{"href":"https:\/\/juventudcomunista.com\/tienda\/wp-json\/wp\/v2\/product"}],"about":[{"href":"https:\/\/juventudcomunista.com\/tienda\/wp-json\/wp\/v2\/types\/product"}],"replies":[{"embeddable":true,"href":"https:\/\/juventudcomunista.com\/tienda\/wp-json\/wp\/v2\/comments?post=197"}],"wp:featuredmedia":[{"embeddable":true,"href":"https:\/\/juventudcomunista.com\/tienda\/wp-json\/wp\/v2\/media\/183"}],"wp:attachment":[{"href":"https:\/\/juventudcomunista.com\/tienda\/wp-json\/wp\/v2\/media?parent=197"}],"wp:term":[{"taxonomy":"product_brand","embeddable":true,"href":"https:\/\/juventudcomunista.com\/tienda\/wp-json\/wp\/v2\/product_brand?post=197"},{"taxonomy":"product_cat","embeddable":true,"href":"https:\/\/juventudcomunista.com\/tienda\/wp-json\/wp\/v2\/product_cat?post=197"},{"taxonomy":"product_tag","embeddable":true,"href":"https:\/\/juventudcomunista.com\/tienda\/wp-json\/wp\/v2\/product_tag?post=197"}],"curies":[{"name":"wp","href":"https:\/\/api.w.org\/{rel}","templated":true}]}}