{"id":196,"date":"2024-11-06T18:56:41","date_gmt":"2024-11-06T16:56:41","guid":{"rendered":"https:\/\/juventudcomunista.com\/tienda\/?post_type=product&#038;p=196"},"modified":"2025-01-21T16:19:17","modified_gmt":"2025-01-21T14:19:17","slug":"196","status":"publish","type":"product","link":"https:\/\/juventudcomunista.com\/tienda\/producto\/196\/","title":{"rendered":"Bandera de la RSFSR"},"content":{"rendered":"<p>Esta <strong>bandera de la Rep\u00fablica Socialista Federativa Sovi\u00e9tica de Rusia (RSFSR)<\/strong> a doble cara es una representaci\u00f3n aut\u00e9ntica del periodo sovi\u00e9tico y de la identidad socialista rusa. En un vibrante fondo rojo, s\u00edmbolo del comunismo y la revoluci\u00f3n, destacan dos elementos centrales. A la izquierda, la <strong>hoz y el martillo<\/strong> en dorado, coronados por una estrella roja, simbolizan la unidad entre los trabajadores del campo, la industria y la gu\u00eda del Partido Comunista.<\/p>\n<p>En el centro-derecha, se encuentra el <strong>escudo de armas de la RSFSR<\/strong>, rodeado por espigas de trigo doradas que representan la prosperidad agr\u00edcola. En el centro del escudo, la hoz y el martillo se superponen sobre un globo terr\u00e1queo, rodeado por una cinta con el lema: \u00ab\u00a1Proletarios de todos los pa\u00edses, un\u00edos!\u00bb, en ruso, reflejando el esp\u00edritu internacionalista del socialismo.<\/p>\n<p>La bandera incluye una franja azul vertical en el lado izquierdo, que aporta un contraste visual y simboliza la diversidad y unidad dentro de la federaci\u00f3n rusa.<\/p>\n<p>En excelente estado de conservaci\u00f3n, con colores vivos y detalles bien definidos, esta bandera es una pieza imprescindible para coleccionistas de art\u00edculos sovi\u00e9ticos y aquellos interesados en la historia pol\u00edtica de la URSS.<\/p>\n<p>Donada por Juanito, \u00abGuevarin\u00bb<\/p>\n<p>Hay 1 unidad.<\/p>\n<p>Al comprar este art\u00edculo, estar\u00e1s contribuyendo directamente a la financiaci\u00f3n del 40\u00ba aniversario de los CJC (Colectivos de J\u00f3venes Comunistas), apoyando as\u00ed a nuestras actividades y celebraciones conmemorativas. El precio incluye un peque\u00f1o aporte adicional para respaldar el evento. Para el env\u00edo tendr\u00e1s dos opciones que te lo enviemos por correo con un sobrecoste de 2\u20ac solo o recogerlo en el Auditorium Marcelino Camacho, entre las 17h y las 20h del d\u00eda 18 de enero de 2025 gratis. Con tu compra, no solo obtienes un art\u00edculo simb\u00f3lico, sino que tambi\u00e9n ayudas a fortalecer el objetivo del evento que se esta organizando para esa fecha en Madrid para RECORDAR, SENTIR Y CONTAR la lucha y los valores que defendimos hace cuatro d\u00e9cadas. \u00a1Gracias por tu apoyo!<\/p>\n","protected":false},"excerpt":{"rendered":"<p><strong>Bandera de la Rep\u00fablica Socialista Federativa Sovi\u00e9tica de Rusia (RSFSR) a doble cara<\/strong>, con hoz, martillo, escudo y franja azul. En excelente estado, ideal para coleccionistas de memorabilia sovi\u00e9tica.<\/p>\n","protected":false},"featured_media":182,"comment_status":"open","ping_status":"closed","template":"","meta":{"site-sidebar-layout":"default","site-content-layout":"","ast-site-content-layout":"default","site-content-style":"default","site-sidebar-style":"default","ast-global-header-display":"","ast-banner-title-visibility":"","ast-main-header-display":"","ast-hfb-above-header-display":"","ast-hfb-below-header-display":"","ast-hfb-mobile-header-display":"","site-post-title":"","ast-breadcrumbs-content":"","ast-featured-img":"","footer-sml-layout":"","ast-disable-related-posts":"","theme-transparent-header-meta":"default","adv-header-id-meta":"","stick-header-meta":"","header-above-stick-meta":"","header-main-stick-meta":"","header-below-stick-meta":"","astra-migrate-meta-layouts":"set","ast-page-background-enabled":"default","ast-page-background-meta":{"desktop":{"background-color":"var(--ast-global-color-4)","background-image":"","background-repeat":"repeat","background-position":"center center","background-size":"auto","background-attachment":"scroll","background-type":"","background-media":"","overlay-type":"","overlay-color":"","overlay-opacity":"","overlay-gradient":""},"tablet":{"background-color":"","background-image":"","background-repeat":"repeat","background-position":"center center","background-size":"auto","background-attachment":"scroll","background-type":"","background-media":"","overlay-type":"","overlay-color":"","overlay-opacity":"","overlay-gradient":""},"mobile":{"background-color":"","background-image":"","background-repeat":"repeat","background-position":"center center","background-size":"auto","background-attachment":"scroll","background-type":"","background-media":"","overlay-type":"","overlay-color":"","overlay-opacity":"","overlay-gradient":""}},"ast-content-background-meta":{"desktop":{"background-color":"var(--ast-global-color-5)","background-image":"","background-repeat":"repeat","background-position":"center center","background-size":"auto","background-attachment":"scroll","background-type":"","background-media":"","overlay-type":"","overlay-color":"","overlay-opacity":"","overlay-gradient":""},"tablet":{"background-color":"var(--ast-global-color-5)","background-image":"","background-repeat":"repeat","background-position":"center center","background-size":"auto","background-attachment":"scroll","background-type":"","background-media":"","overlay-type":"","overlay-color":"","overlay-opacity":"","overlay-gradient":""},"mobile":{"background-color":"var(--ast-global-color-5)","background-image":"","background-repeat":"repeat","background-position":"center center","background-size":"auto","background-attachment":"scroll","background-type":"","background-media":"","overlay-type":"","overlay-color":"","overlay-opacity":"","overlay-gradient":""}}},"product_brand":[],"product_cat":[32],"product_tag":[],"class_list":{"0":"post-196","1":"product","2":"type-product","3":"status-publish","4":"has-post-thumbnail","6":"product_cat-banderas","7":"desktop-align-left","8":"tablet-align-left","9":"mobile-align-left","11":"first","12":"outofstock","13":"shipping-taxable","14":"purchasable","15":"product-type-simple"},"_links":{"self":[{"href":"https:\/\/juventudcomunista.com\/tienda\/wp-json\/wp\/v2\/product\/196","targetHints":{"allow":["GET"]}}],"collection":[{"href":"https:\/\/juventudcomunista.com\/tienda\/wp-json\/wp\/v2\/product"}],"about":[{"href":"https:\/\/juventudcomunista.com\/tienda\/wp-json\/wp\/v2\/types\/product"}],"replies":[{"embeddable":true,"href":"https:\/\/juventudcomunista.com\/tienda\/wp-json\/wp\/v2\/comments?post=196"}],"wp:featuredmedia":[{"embeddable":true,"href":"https:\/\/juventudcomunista.com\/tienda\/wp-json\/wp\/v2\/media\/182"}],"wp:attachment":[{"href":"https:\/\/juventudcomunista.com\/tienda\/wp-json\/wp\/v2\/media?parent=196"}],"wp:term":[{"taxonomy":"product_brand","embeddable":true,"href":"https:\/\/juventudcomunista.com\/tienda\/wp-json\/wp\/v2\/product_brand?post=196"},{"taxonomy":"product_cat","embeddable":true,"href":"https:\/\/juventudcomunista.com\/tienda\/wp-json\/wp\/v2\/product_cat?post=196"},{"taxonomy":"product_tag","embeddable":true,"href":"https:\/\/juventudcomunista.com\/tienda\/wp-json\/wp\/v2\/product_tag?post=196"}],"curies":[{"name":"wp","href":"https:\/\/api.w.org\/{rel}","templated":true}]}}