{"id":195,"date":"2024-11-06T18:54:29","date_gmt":"2024-11-06T16:54:29","guid":{"rendered":"https:\/\/juventudcomunista.com\/tienda\/?post_type=product&#038;p=195"},"modified":"2024-12-05T18:56:34","modified_gmt":"2024-12-05T16:56:34","slug":"bandera-de-la-marineria-sovietica","status":"publish","type":"product","link":"https:\/\/juventudcomunista.com\/tienda\/producto\/bandera-de-la-marineria-sovietica\/","title":{"rendered":"Bandera de la mariner\u00eda sovi\u00e9tica"},"content":{"rendered":"<p>Esta <strong>bandera de la Mariner\u00eda Sovi\u00e9tica a doble cara<\/strong> es un aut\u00e9ntico s\u00edmbolo del poder naval y los ideales comunistas que guiaron a la Uni\u00f3n Sovi\u00e9tica. Con un dise\u00f1o simple pero potente, presenta en un fondo blanco la <strong>estrella roja de cinco puntas<\/strong> a la izquierda, representando la gu\u00eda ideol\u00f3gica y el liderazgo del Partido Comunista. A la derecha, el emblem\u00e1tico s\u00edmbolo de la <strong>hoz y el martillo<\/strong> en rojo refuerza la unidad entre los trabajadores del campo y de la industria, pilares del sistema socialista.<\/p>\n<p>En la parte inferior, una franja azul representa las aguas sobre las que operaba la marina sovi\u00e9tica, simbolizando la fuerza y la presencia de su flota en los mares y oc\u00e9anos del mundo. Esta bandera no solo es un emblema de la fuerza militar, sino tambi\u00e9n un testimonio del compromiso sovi\u00e9tico con la expansi\u00f3n y defensa de sus ideales.<\/p>\n<p>En excelente estado de conservaci\u00f3n, esta bandera es una pieza destacada para coleccionistas de memorabilia militar y comunista, y un recordatorio visual del poder\u00edo mar\u00edtimo de la URSS.<\/p>\n<p>Donada por Juanito, \u00abGuevarin\u00bb<\/p>\n<p>Hay 1 unidad.<\/p>\n<p>Al comprar este art\u00edculo, estar\u00e1s contribuyendo directamente a la financiaci\u00f3n del 40\u00ba aniversario de los CJC (Colectivos de J\u00f3venes Comunistas), apoyando as\u00ed a nuestras actividades y celebraciones conmemorativas. El precio incluye un peque\u00f1o aporte adicional para respaldar el evento. Para el env\u00edo tendr\u00e1s dos opciones que te lo enviemos por correo con un sobrecoste de 2\u20ac solo o recogerlo en el Auditorium Marcelino Camacho, entre las 17h y las 20h del d\u00eda 18 de enero de 2025 gratis. Con tu compra, no solo obtienes un art\u00edculo simb\u00f3lico, sino que tambi\u00e9n ayudas a fortalecer el objetivo del evento que se esta organizando para esa fecha en Madrid para RECORDAR, SENTIR Y CONTAR la lucha y los valores que defendimos hace cuatro d\u00e9cadas. \u00a1Gracias por tu apoyo!<\/p>\n","protected":false},"excerpt":{"rendered":"<p><strong>Bandera de la Mariner\u00eda Sovi\u00e9tica a doble cara<\/strong>, con estrella roja, hoz y martillo, y franja azul. En excelente estado, ideal para coleccionistas de memorabilia naval y sovi\u00e9tica.<\/p>\n","protected":false},"featured_media":181,"comment_status":"open","ping_status":"closed","template":"","meta":{"site-sidebar-layout":"default","site-content-layout":"","ast-site-content-layout":"default","site-content-style":"default","site-sidebar-style":"default","ast-global-header-display":"","ast-banner-title-visibility":"","ast-main-header-display":"","ast-hfb-above-header-display":"","ast-hfb-below-header-display":"","ast-hfb-mobile-header-display":"","site-post-title":"","ast-breadcrumbs-content":"","ast-featured-img":"","footer-sml-layout":"","ast-disable-related-posts":"","theme-transparent-header-meta":"default","adv-header-id-meta":"","stick-header-meta":"","header-above-stick-meta":"","header-main-stick-meta":"","header-below-stick-meta":"","astra-migrate-meta-layouts":"set","ast-page-background-enabled":"default","ast-page-background-meta":{"desktop":{"background-color":"var(--ast-global-color-4)","background-image":"","background-repeat":"repeat","background-position":"center center","background-size":"auto","background-attachment":"scroll","background-type":"","background-media":"","overlay-type":"","overlay-color":"","overlay-opacity":"","overlay-gradient":""},"tablet":{"background-color":"","background-image":"","background-repeat":"repeat","background-position":"center center","background-size":"auto","background-attachment":"scroll","background-type":"","background-media":"","overlay-type":"","overlay-color":"","overlay-opacity":"","overlay-gradient":""},"mobile":{"background-color":"","background-image":"","background-repeat":"repeat","background-position":"center center","background-size":"auto","background-attachment":"scroll","background-type":"","background-media":"","overlay-type":"","overlay-color":"","overlay-opacity":"","overlay-gradient":""}},"ast-content-background-meta":{"desktop":{"background-color":"var(--ast-global-color-5)","background-image":"","background-repeat":"repeat","background-position":"center center","background-size":"auto","background-attachment":"scroll","background-type":"","background-media":"","overlay-type":"","overlay-color":"","overlay-opacity":"","overlay-gradient":""},"tablet":{"background-color":"var(--ast-global-color-5)","background-image":"","background-repeat":"repeat","background-position":"center center","background-size":"auto","background-attachment":"scroll","background-type":"","background-media":"","overlay-type":"","overlay-color":"","overlay-opacity":"","overlay-gradient":""},"mobile":{"background-color":"var(--ast-global-color-5)","background-image":"","background-repeat":"repeat","background-position":"center center","background-size":"auto","background-attachment":"scroll","background-type":"","background-media":"","overlay-type":"","overlay-color":"","overlay-opacity":"","overlay-gradient":""}}},"product_brand":[],"product_cat":[32],"product_tag":[],"class_list":{"0":"post-195","1":"product","2":"type-product","3":"status-publish","4":"has-post-thumbnail","6":"product_cat-banderas","7":"desktop-align-left","8":"tablet-align-left","9":"mobile-align-left","11":"first","12":"outofstock","13":"shipping-taxable","14":"purchasable","15":"product-type-simple"},"_links":{"self":[{"href":"https:\/\/juventudcomunista.com\/tienda\/wp-json\/wp\/v2\/product\/195","targetHints":{"allow":["GET"]}}],"collection":[{"href":"https:\/\/juventudcomunista.com\/tienda\/wp-json\/wp\/v2\/product"}],"about":[{"href":"https:\/\/juventudcomunista.com\/tienda\/wp-json\/wp\/v2\/types\/product"}],"replies":[{"embeddable":true,"href":"https:\/\/juventudcomunista.com\/tienda\/wp-json\/wp\/v2\/comments?post=195"}],"wp:featuredmedia":[{"embeddable":true,"href":"https:\/\/juventudcomunista.com\/tienda\/wp-json\/wp\/v2\/media\/181"}],"wp:attachment":[{"href":"https:\/\/juventudcomunista.com\/tienda\/wp-json\/wp\/v2\/media?parent=195"}],"wp:term":[{"taxonomy":"product_brand","embeddable":true,"href":"https:\/\/juventudcomunista.com\/tienda\/wp-json\/wp\/v2\/product_brand?post=195"},{"taxonomy":"product_cat","embeddable":true,"href":"https:\/\/juventudcomunista.com\/tienda\/wp-json\/wp\/v2\/product_cat?post=195"},{"taxonomy":"product_tag","embeddable":true,"href":"https:\/\/juventudcomunista.com\/tienda\/wp-json\/wp\/v2\/product_tag?post=195"}],"curies":[{"name":"wp","href":"https:\/\/api.w.org\/{rel}","templated":true}]}}