{"id":194,"date":"2024-11-06T18:53:06","date_gmt":"2024-11-06T16:53:06","guid":{"rendered":"https:\/\/juventudcomunista.com\/tienda\/?post_type=product&#038;p=194"},"modified":"2025-02-10T09:58:49","modified_gmt":"2025-02-10T07:58:49","slug":"bandera-de-la-marina-de-guerra-sovietica","status":"publish","type":"product","link":"https:\/\/juventudcomunista.com\/tienda\/producto\/bandera-de-la-marina-de-guerra-sovietica\/","title":{"rendered":"Bandera de la Marina de Guerra Sovietica"},"content":{"rendered":"<p>Esta <strong>bandera de la Marina de Guerra Sovi\u00e9tica<\/strong>, con dise\u00f1o a doble cara, es una pieza emblem\u00e1tica que refleja la fuerza y el orgullo de la flota naval de la antigua URSS. Sobre un fondo blanco con franjas horizontales azules, que simbolizan los mares y oc\u00e9anos, se destacan dos elementos centrales. A la izquierda, un ancla roja con una estrella en el centro, rodeada por espigas doradas, simboliza la conexi\u00f3n entre la fuerza mar\u00edtima y el trabajo agr\u00edcola, pilares fundamentales de la econom\u00eda sovi\u00e9tica.<\/p>\n<p>A la derecha, el ic\u00f3nico emblema de la <strong>hoz y el martillo<\/strong> en color rojo, representa la unidad entre los trabajadores del campo y de la industria, reafirmando el compromiso con los ideales comunistas. Este dise\u00f1o refuerza la idea de que la marina no solo proteg\u00eda las fronteras, sino que tambi\u00e9n defend\u00eda los valores del socialismo.<\/p>\n<p>La bandera est\u00e1 en excelente estado de conservaci\u00f3n, con colores vivos y detalles bien definidos. Es una pieza \u00fanica, ideal para coleccionistas de memorabilia militar y sovi\u00e9tica, as\u00ed como para aquellos interesados en la historia naval.<\/p>\n<p>Donada por Juanito, \u00abGuevarin\u00bb<\/p>\n<p>Hay 1 unidad.<\/p>\n<p>Al comprar este art\u00edculo, habr\u00e1s contribuido a la financiaci\u00f3n del 40\u00ba aniversario de los CJC (Colectivos de J\u00f3venes Comunistas), apoyando as\u00ed nuestras actividades solidarias y celebraciones conmemorativas. Con tu compra, no solo obtienes un art\u00edculo simb\u00f3lico, sino que tambi\u00e9n ayudas a fortalecer el objetivo del evento que se se ha celebrado en Madrid para RECORDAR, SENTIR Y CONTAR la lucha y los valores que defendimos hace cuatro d\u00e9cadas. Los beneficios que puedan quedar se emplearan en apoyo a organizaciones solidarias con Palestina, Sahara Occidental y Cuba. \u00a1Gracias por tu apoyo!<\/p>\n","protected":false},"excerpt":{"rendered":"<p><strong>Bandera de la Marina de Guerra Sovi\u00e9tica a doble cara<\/strong>, con ancla, estrella y hoz y martillo. En excelente estado, perfecta para coleccionistas de memorabilia militar y sovi\u00e9tica.<\/p>\n","protected":false},"featured_media":180,"comment_status":"open","ping_status":"closed","template":"","meta":{"site-sidebar-layout":"default","site-content-layout":"","ast-site-content-layout":"default","site-content-style":"default","site-sidebar-style":"default","ast-global-header-display":"","ast-banner-title-visibility":"","ast-main-header-display":"","ast-hfb-above-header-display":"","ast-hfb-below-header-display":"","ast-hfb-mobile-header-display":"","site-post-title":"","ast-breadcrumbs-content":"","ast-featured-img":"","footer-sml-layout":"","ast-disable-related-posts":"","theme-transparent-header-meta":"default","adv-header-id-meta":"","stick-header-meta":"","header-above-stick-meta":"","header-main-stick-meta":"","header-below-stick-meta":"","astra-migrate-meta-layouts":"set","ast-page-background-enabled":"default","ast-page-background-meta":{"desktop":{"background-color":"var(--ast-global-color-4)","background-image":"","background-repeat":"repeat","background-position":"center center","background-size":"auto","background-attachment":"scroll","background-type":"","background-media":"","overlay-type":"","overlay-color":"","overlay-opacity":"","overlay-gradient":""},"tablet":{"background-color":"","background-image":"","background-repeat":"repeat","background-position":"center center","background-size":"auto","background-attachment":"scroll","background-type":"","background-media":"","overlay-type":"","overlay-color":"","overlay-opacity":"","overlay-gradient":""},"mobile":{"background-color":"","background-image":"","background-repeat":"repeat","background-position":"center center","background-size":"auto","background-attachment":"scroll","background-type":"","background-media":"","overlay-type":"","overlay-color":"","overlay-opacity":"","overlay-gradient":""}},"ast-content-background-meta":{"desktop":{"background-color":"var(--ast-global-color-5)","background-image":"","background-repeat":"repeat","background-position":"center center","background-size":"auto","background-attachment":"scroll","background-type":"","background-media":"","overlay-type":"","overlay-color":"","overlay-opacity":"","overlay-gradient":""},"tablet":{"background-color":"var(--ast-global-color-5)","background-image":"","background-repeat":"repeat","background-position":"center center","background-size":"auto","background-attachment":"scroll","background-type":"","background-media":"","overlay-type":"","overlay-color":"","overlay-opacity":"","overlay-gradient":""},"mobile":{"background-color":"var(--ast-global-color-5)","background-image":"","background-repeat":"repeat","background-position":"center center","background-size":"auto","background-attachment":"scroll","background-type":"","background-media":"","overlay-type":"","overlay-color":"","overlay-opacity":"","overlay-gradient":""}}},"product_brand":[],"product_cat":[32],"product_tag":[],"class_list":{"0":"post-194","1":"product","2":"type-product","3":"status-publish","4":"has-post-thumbnail","6":"product_cat-banderas","7":"desktop-align-left","8":"tablet-align-left","9":"mobile-align-left","11":"first","12":"instock","13":"shipping-taxable","14":"purchasable","15":"product-type-simple"},"_links":{"self":[{"href":"https:\/\/juventudcomunista.com\/tienda\/wp-json\/wp\/v2\/product\/194","targetHints":{"allow":["GET"]}}],"collection":[{"href":"https:\/\/juventudcomunista.com\/tienda\/wp-json\/wp\/v2\/product"}],"about":[{"href":"https:\/\/juventudcomunista.com\/tienda\/wp-json\/wp\/v2\/types\/product"}],"replies":[{"embeddable":true,"href":"https:\/\/juventudcomunista.com\/tienda\/wp-json\/wp\/v2\/comments?post=194"}],"wp:featuredmedia":[{"embeddable":true,"href":"https:\/\/juventudcomunista.com\/tienda\/wp-json\/wp\/v2\/media\/180"}],"wp:attachment":[{"href":"https:\/\/juventudcomunista.com\/tienda\/wp-json\/wp\/v2\/media?parent=194"}],"wp:term":[{"taxonomy":"product_brand","embeddable":true,"href":"https:\/\/juventudcomunista.com\/tienda\/wp-json\/wp\/v2\/product_brand?post=194"},{"taxonomy":"product_cat","embeddable":true,"href":"https:\/\/juventudcomunista.com\/tienda\/wp-json\/wp\/v2\/product_cat?post=194"},{"taxonomy":"product_tag","embeddable":true,"href":"https:\/\/juventudcomunista.com\/tienda\/wp-json\/wp\/v2\/product_tag?post=194"}],"curies":[{"name":"wp","href":"https:\/\/api.w.org\/{rel}","templated":true}]}}