{"id":168,"date":"2024-11-05T13:44:42","date_gmt":"2024-11-05T11:44:42","guid":{"rendered":"https:\/\/juventudcomunista.com\/tienda\/?post_type=product&#038;p=168"},"modified":"2024-11-19T12:59:05","modified_gmt":"2024-11-19T10:59:05","slug":"chapa-sovietica-troquelada-con-la-silueta-de-la-estrella-de-cinco-puntas-y-mujer-y-hombre-mirando-al-futuro","status":"publish","type":"product","link":"https:\/\/juventudcomunista.com\/tienda\/producto\/chapa-sovietica-troquelada-con-la-silueta-de-la-estrella-de-cinco-puntas-y-mujer-y-hombre-mirando-al-futuro\/","title":{"rendered":"chapa Sovietica troquelada con la silueta de la estrella de cinco puntas y mujer y hombre mirando al futuro"},"content":{"rendered":"<p>Esta <strong>chapa sovi\u00e9tica troquelada<\/strong> es un s\u00edmbolo ic\u00f3nico de la \u00e9poca socialista, con un dise\u00f1o que resalta los valores de unidad y progreso. La chapa presenta una estrella de cinco puntas en rojo intenso, representando el internacionalismo proletario. En el centro de la estrella, en relieve, se observa la figura de un hombre y una mujer mirando hacia adelante, simbolizando la esperanza y la visi\u00f3n de un futuro mejor bajo el socialismo. Esta pieza destaca no solo por su dise\u00f1o detallado, sino tambi\u00e9n por su significado hist\u00f3rico, evocando el compromiso con el avance de la sociedad y la igualdad de g\u00e9nero, valores fundamentales de la Uni\u00f3n Sovi\u00e9tica. Ideal para coleccionistas y simpatizantes de la iconograf\u00eda sovi\u00e9tica, esta chapa se encuentra en excelente estado de conservaci\u00f3n.<\/p>\n<p>Donada por Pep Ledesma.<\/p>\n<p>Hay 1 unidad.<\/p>\n<p>Al comprar este art\u00edculo, estar\u00e1s contribuyendo directamente a la financiaci\u00f3n del 40\u00ba aniversario de los CJC (Colectivos de J\u00f3venes Comunistas), apoyando as\u00ed a nuestras actividades y celebraciones conmemorativas. El precio incluye un peque\u00f1o aporte adicional para respaldar el evento. Para el env\u00edo tendr\u00e1s dos opciones que te lo enviemos por correo con un sobrecoste de 2\u20ac solo o recogerlo en el Auditorium Marcelino Camacho, entre las 17h y las 20h del d\u00eda 18 de enero de 2025 gratis. Con tu compra, no solo obtienes un art\u00edculo simb\u00f3lico, sino que tambi\u00e9n ayudas a fortalecer el objetivo del evento que se esta organizando para esa fecha en Madrid para RECORDAR, SENTIR Y CONTAR la lucha y los valores que defendimos hace cuatro d\u00e9cadas. \u00a1Gracias por tu apoyo!<\/p>\n","protected":false},"excerpt":{"rendered":"<p><strong>Chapa sovi\u00e9tica troquelada<\/strong> en forma de estrella de cinco puntas, con figuras de hombre y mujer mirando al futuro. Un s\u00edmbolo de progreso y unidad socialista, ideal para coleccionistas de memorabilia sovi\u00e9tica.<\/p>\n","protected":false},"featured_media":156,"comment_status":"open","ping_status":"closed","template":"","meta":{"site-sidebar-layout":"default","site-content-layout":"","ast-site-content-layout":"default","site-content-style":"default","site-sidebar-style":"default","ast-global-header-display":"","ast-banner-title-visibility":"","ast-main-header-display":"","ast-hfb-above-header-display":"","ast-hfb-below-header-display":"","ast-hfb-mobile-header-display":"","site-post-title":"","ast-breadcrumbs-content":"","ast-featured-img":"","footer-sml-layout":"","ast-disable-related-posts":"","theme-transparent-header-meta":"default","adv-header-id-meta":"","stick-header-meta":"","header-above-stick-meta":"","header-main-stick-meta":"","header-below-stick-meta":"","astra-migrate-meta-layouts":"set","ast-page-background-enabled":"default","ast-page-background-meta":{"desktop":{"background-color":"var(--ast-global-color-4)","background-image":"","background-repeat":"repeat","background-position":"center center","background-size":"auto","background-attachment":"scroll","background-type":"","background-media":"","overlay-type":"","overlay-color":"","overlay-opacity":"","overlay-gradient":""},"tablet":{"background-color":"","background-image":"","background-repeat":"repeat","background-position":"center center","background-size":"auto","background-attachment":"scroll","background-type":"","background-media":"","overlay-type":"","overlay-color":"","overlay-opacity":"","overlay-gradient":""},"mobile":{"background-color":"","background-image":"","background-repeat":"repeat","background-position":"center center","background-size":"auto","background-attachment":"scroll","background-type":"","background-media":"","overlay-type":"","overlay-color":"","overlay-opacity":"","overlay-gradient":""}},"ast-content-background-meta":{"desktop":{"background-color":"var(--ast-global-color-5)","background-image":"","background-repeat":"repeat","background-position":"center center","background-size":"auto","background-attachment":"scroll","background-type":"","background-media":"","overlay-type":"","overlay-color":"","overlay-opacity":"","overlay-gradient":""},"tablet":{"background-color":"var(--ast-global-color-5)","background-image":"","background-repeat":"repeat","background-position":"center center","background-size":"auto","background-attachment":"scroll","background-type":"","background-media":"","overlay-type":"","overlay-color":"","overlay-opacity":"","overlay-gradient":""},"mobile":{"background-color":"var(--ast-global-color-5)","background-image":"","background-repeat":"repeat","background-position":"center center","background-size":"auto","background-attachment":"scroll","background-type":"","background-media":"","overlay-type":"","overlay-color":"","overlay-opacity":"","overlay-gradient":""}}},"product_brand":[],"product_cat":[18],"product_tag":[],"class_list":{"0":"post-168","1":"product","2":"type-product","3":"status-publish","4":"has-post-thumbnail","6":"product_cat-insignias","7":"desktop-align-left","8":"tablet-align-left","9":"mobile-align-left","11":"first","12":"outofstock","13":"shipping-taxable","14":"purchasable","15":"product-type-simple"},"_links":{"self":[{"href":"https:\/\/juventudcomunista.com\/tienda\/wp-json\/wp\/v2\/product\/168","targetHints":{"allow":["GET"]}}],"collection":[{"href":"https:\/\/juventudcomunista.com\/tienda\/wp-json\/wp\/v2\/product"}],"about":[{"href":"https:\/\/juventudcomunista.com\/tienda\/wp-json\/wp\/v2\/types\/product"}],"replies":[{"embeddable":true,"href":"https:\/\/juventudcomunista.com\/tienda\/wp-json\/wp\/v2\/comments?post=168"}],"wp:featuredmedia":[{"embeddable":true,"href":"https:\/\/juventudcomunista.com\/tienda\/wp-json\/wp\/v2\/media\/156"}],"wp:attachment":[{"href":"https:\/\/juventudcomunista.com\/tienda\/wp-json\/wp\/v2\/media?parent=168"}],"wp:term":[{"taxonomy":"product_brand","embeddable":true,"href":"https:\/\/juventudcomunista.com\/tienda\/wp-json\/wp\/v2\/product_brand?post=168"},{"taxonomy":"product_cat","embeddable":true,"href":"https:\/\/juventudcomunista.com\/tienda\/wp-json\/wp\/v2\/product_cat?post=168"},{"taxonomy":"product_tag","embeddable":true,"href":"https:\/\/juventudcomunista.com\/tienda\/wp-json\/wp\/v2\/product_tag?post=168"}],"curies":[{"name":"wp","href":"https:\/\/api.w.org\/{rel}","templated":true}]}}