{"id":164,"date":"2024-11-05T13:24:40","date_gmt":"2024-11-05T11:24:40","guid":{"rendered":"https:\/\/juventudcomunista.com\/tienda\/?post_type=product&#038;p=164"},"modified":"2025-02-10T10:03:17","modified_gmt":"2025-02-10T08:03:17","slug":"insignia-de-la-juventud-revolucionaria-8-de-octubre-de-brasil","status":"publish","type":"product","link":"https:\/\/juventudcomunista.com\/tienda\/producto\/insignia-de-la-juventud-revolucionaria-8-de-octubre-de-brasil\/","title":{"rendered":"insignia de la Juventud Revolucionaria 8 de Octubre de Brasil"},"content":{"rendered":"<p>Esta <strong>insignia de la Juventud Revolucionaria 8 de Octubre (JR8)<\/strong> de Brasil es una pieza representativa del compromiso y la militancia de la juventud en el movimiento revolucionario brasile\u00f1o. El dise\u00f1o muestra una estrella multicolor en tonos rojo, amarillo y azul, que simboliza la diversidad y la fuerza unificada de la juventud. Al lado de la estrella, las letras <strong>JR8<\/strong> en rojo destacan sobre un fondo met\u00e1lico brillante, realzando el mensaje de revoluci\u00f3n y resistencia. La fecha \u00ab8 de Octubre\u00bb recuerda eventos hist\u00f3ricos clave en la lucha de los movimientos de izquierda en Am\u00e9rica Latina. La insignia est\u00e1 en buen estado de conservaci\u00f3n y es ideal para coleccionistas y simpatizantes que valoran la historia de los movimientos revolucionarios en Brasil y Am\u00e9rica Latina.<\/p>\n<p>Donada por Pep Ledesma.<\/p>\n<p>Hay 1 unidad.<\/p>\n<p>Al comprar este art\u00edculo, habr\u00e1s contribuido a la financiaci\u00f3n del 40\u00ba aniversario de los CJC (Colectivos de J\u00f3venes Comunistas), apoyando as\u00ed nuestras actividades solidarias y celebraciones conmemorativas. Con tu compra, no solo obtienes un art\u00edculo simb\u00f3lico, sino que tambi\u00e9n ayudas a fortalecer el objetivo del evento que se se ha celebrado en Madrid para RECORDAR, SENTIR Y CONTAR la lucha y los valores que defendimos hace cuatro d\u00e9cadas. Los beneficios que puedan quedar se emplearan en apoyo a organizaciones solidarias con Palestina, Sahara Occidental y Cuba. \u00a1Gracias por tu apoyo!<\/p>\n","protected":false},"excerpt":{"rendered":"<p><strong>Insignia de la Juventud Revolucionaria 8 de Octubre (JR8)<\/strong> de Brasil, con estrella multicolor y fondo met\u00e1lico. En buen estado, perfecta para coleccionistas y entusiastas de la historia revolucionaria.<\/p>\n","protected":false},"featured_media":154,"comment_status":"open","ping_status":"closed","template":"","meta":{"site-sidebar-layout":"default","site-content-layout":"","ast-site-content-layout":"default","site-content-style":"default","site-sidebar-style":"default","ast-global-header-display":"","ast-banner-title-visibility":"","ast-main-header-display":"","ast-hfb-above-header-display":"","ast-hfb-below-header-display":"","ast-hfb-mobile-header-display":"","site-post-title":"","ast-breadcrumbs-content":"","ast-featured-img":"","footer-sml-layout":"","ast-disable-related-posts":"","theme-transparent-header-meta":"default","adv-header-id-meta":"","stick-header-meta":"","header-above-stick-meta":"","header-main-stick-meta":"","header-below-stick-meta":"","astra-migrate-meta-layouts":"set","ast-page-background-enabled":"default","ast-page-background-meta":{"desktop":{"background-color":"var(--ast-global-color-4)","background-image":"","background-repeat":"repeat","background-position":"center center","background-size":"auto","background-attachment":"scroll","background-type":"","background-media":"","overlay-type":"","overlay-color":"","overlay-opacity":"","overlay-gradient":""},"tablet":{"background-color":"","background-image":"","background-repeat":"repeat","background-position":"center center","background-size":"auto","background-attachment":"scroll","background-type":"","background-media":"","overlay-type":"","overlay-color":"","overlay-opacity":"","overlay-gradient":""},"mobile":{"background-color":"","background-image":"","background-repeat":"repeat","background-position":"center center","background-size":"auto","background-attachment":"scroll","background-type":"","background-media":"","overlay-type":"","overlay-color":"","overlay-opacity":"","overlay-gradient":""}},"ast-content-background-meta":{"desktop":{"background-color":"var(--ast-global-color-5)","background-image":"","background-repeat":"repeat","background-position":"center center","background-size":"auto","background-attachment":"scroll","background-type":"","background-media":"","overlay-type":"","overlay-color":"","overlay-opacity":"","overlay-gradient":""},"tablet":{"background-color":"var(--ast-global-color-5)","background-image":"","background-repeat":"repeat","background-position":"center center","background-size":"auto","background-attachment":"scroll","background-type":"","background-media":"","overlay-type":"","overlay-color":"","overlay-opacity":"","overlay-gradient":""},"mobile":{"background-color":"var(--ast-global-color-5)","background-image":"","background-repeat":"repeat","background-position":"center center","background-size":"auto","background-attachment":"scroll","background-type":"","background-media":"","overlay-type":"","overlay-color":"","overlay-opacity":"","overlay-gradient":""}}},"product_brand":[],"product_cat":[18],"product_tag":[],"class_list":{"0":"post-164","1":"product","2":"type-product","3":"status-publish","4":"has-post-thumbnail","6":"product_cat-insignias","7":"desktop-align-left","8":"tablet-align-left","9":"mobile-align-left","11":"first","12":"instock","13":"shipping-taxable","14":"purchasable","15":"product-type-simple"},"_links":{"self":[{"href":"https:\/\/juventudcomunista.com\/tienda\/wp-json\/wp\/v2\/product\/164","targetHints":{"allow":["GET"]}}],"collection":[{"href":"https:\/\/juventudcomunista.com\/tienda\/wp-json\/wp\/v2\/product"}],"about":[{"href":"https:\/\/juventudcomunista.com\/tienda\/wp-json\/wp\/v2\/types\/product"}],"replies":[{"embeddable":true,"href":"https:\/\/juventudcomunista.com\/tienda\/wp-json\/wp\/v2\/comments?post=164"}],"wp:featuredmedia":[{"embeddable":true,"href":"https:\/\/juventudcomunista.com\/tienda\/wp-json\/wp\/v2\/media\/154"}],"wp:attachment":[{"href":"https:\/\/juventudcomunista.com\/tienda\/wp-json\/wp\/v2\/media?parent=164"}],"wp:term":[{"taxonomy":"product_brand","embeddable":true,"href":"https:\/\/juventudcomunista.com\/tienda\/wp-json\/wp\/v2\/product_brand?post=164"},{"taxonomy":"product_cat","embeddable":true,"href":"https:\/\/juventudcomunista.com\/tienda\/wp-json\/wp\/v2\/product_cat?post=164"},{"taxonomy":"product_tag","embeddable":true,"href":"https:\/\/juventudcomunista.com\/tienda\/wp-json\/wp\/v2\/product_tag?post=164"}],"curies":[{"name":"wp","href":"https:\/\/api.w.org\/{rel}","templated":true}]}}