{"id":161,"date":"2024-11-05T12:41:25","date_gmt":"2024-11-05T10:41:25","guid":{"rendered":"https:\/\/juventudcomunista.com\/tienda\/?post_type=product&#038;p=161"},"modified":"2025-01-03T16:21:57","modified_gmt":"2025-01-03T14:21:57","slug":"insignia-del-pc-punto-con-la-bandera-de-euskadi-al-fondo","status":"publish","type":"product","link":"https:\/\/juventudcomunista.com\/tienda\/producto\/insignia-del-pc-punto-con-la-bandera-de-euskadi-al-fondo\/","title":{"rendered":"insignia del PC punto con la bandera de Euskadi"},"content":{"rendered":"<p>Esta <strong>insignia del Partido Comunista,<\/strong> coloquialmente <strong>PC PUNTO<\/strong>, presenta un dise\u00f1o que combina s\u00edmbolos de la lucha obrera con elementos identitarios de Euskadi. En la insignia se destaca una bandera roja con la cl\u00e1sica hoz y martillo en blanco, representando los ideales comunistas, mientras que de fondo se aprecian los colores de la <strong>bandera de Euskadi<\/strong> (Ikurri\u00f1a), simbolizando el compromiso del partido con las causas sociales y regionales del Pa\u00eds Vasco. Las letras \u201cPC\u201d en negro resaltan en la parte inferior, haciendo referencia al Partido Comunista. Esta insignia est\u00e1 en buen estado de conservaci\u00f3n, ideal para coleccionistas y simpatizantes que valoran la historia y la identidad regional combinada con los principios comunistas.<\/p>\n<p>Donada por Pep Ledesma.<\/p>\n<p>Hay 1 unidad.<\/p>\n<p>Al comprar este art\u00edculo, estar\u00e1s contribuyendo directamente a la financiaci\u00f3n del 40\u00ba aniversario de los CJC (Colectivos de J\u00f3venes Comunistas), apoyando as\u00ed a nuestras actividades y celebraciones conmemorativas. El precio incluye un peque\u00f1o aporte adicional para respaldar el evento. Para el env\u00edo tendr\u00e1s dos opciones que te lo enviemos por correo con un sobrecoste de 2\u20ac solo o recogerlo en el Auditorium Marcelino Camacho, entre las 17h y las 20h del d\u00eda 18 de enero de 2025 gratis. Con tu compra, no solo obtienes un art\u00edculo simb\u00f3lico, sino que tambi\u00e9n ayudas a fortalecer el objetivo del evento que se esta organizando para esa fecha en Madrid para RECORDAR, SENTIR Y CONTAR la lucha y los valores que defendimos hace cuatro d\u00e9cadas. \u00a1Gracias por tu apoyo!<\/p>\n","protected":false},"excerpt":{"rendered":"<p><strong>Insignia del Partido Comunista, conocido como PC PUNTO, con la bandera de Euskadi<\/strong> de fondo. En buen estado, ideal para coleccionistas y entusiastas de la historia comunista y vasca.<\/p>\n","protected":false},"featured_media":151,"comment_status":"open","ping_status":"closed","template":"","meta":{"site-sidebar-layout":"default","site-content-layout":"","ast-site-content-layout":"default","site-content-style":"default","site-sidebar-style":"default","ast-global-header-display":"","ast-banner-title-visibility":"","ast-main-header-display":"","ast-hfb-above-header-display":"","ast-hfb-below-header-display":"","ast-hfb-mobile-header-display":"","site-post-title":"","ast-breadcrumbs-content":"","ast-featured-img":"","footer-sml-layout":"","ast-disable-related-posts":"","theme-transparent-header-meta":"default","adv-header-id-meta":"","stick-header-meta":"","header-above-stick-meta":"","header-main-stick-meta":"","header-below-stick-meta":"","astra-migrate-meta-layouts":"set","ast-page-background-enabled":"default","ast-page-background-meta":{"desktop":{"background-color":"var(--ast-global-color-4)","background-image":"","background-repeat":"repeat","background-position":"center center","background-size":"auto","background-attachment":"scroll","background-type":"","background-media":"","overlay-type":"","overlay-color":"","overlay-opacity":"","overlay-gradient":""},"tablet":{"background-color":"","background-image":"","background-repeat":"repeat","background-position":"center center","background-size":"auto","background-attachment":"scroll","background-type":"","background-media":"","overlay-type":"","overlay-color":"","overlay-opacity":"","overlay-gradient":""},"mobile":{"background-color":"","background-image":"","background-repeat":"repeat","background-position":"center center","background-size":"auto","background-attachment":"scroll","background-type":"","background-media":"","overlay-type":"","overlay-color":"","overlay-opacity":"","overlay-gradient":""}},"ast-content-background-meta":{"desktop":{"background-color":"var(--ast-global-color-5)","background-image":"","background-repeat":"repeat","background-position":"center center","background-size":"auto","background-attachment":"scroll","background-type":"","background-media":"","overlay-type":"","overlay-color":"","overlay-opacity":"","overlay-gradient":""},"tablet":{"background-color":"var(--ast-global-color-5)","background-image":"","background-repeat":"repeat","background-position":"center center","background-size":"auto","background-attachment":"scroll","background-type":"","background-media":"","overlay-type":"","overlay-color":"","overlay-opacity":"","overlay-gradient":""},"mobile":{"background-color":"var(--ast-global-color-5)","background-image":"","background-repeat":"repeat","background-position":"center center","background-size":"auto","background-attachment":"scroll","background-type":"","background-media":"","overlay-type":"","overlay-color":"","overlay-opacity":"","overlay-gradient":""}}},"product_brand":[],"product_cat":[18],"product_tag":[],"class_list":{"0":"post-161","1":"product","2":"type-product","3":"status-publish","4":"has-post-thumbnail","6":"product_cat-insignias","7":"desktop-align-left","8":"tablet-align-left","9":"mobile-align-left","11":"first","12":"outofstock","13":"shipping-taxable","14":"purchasable","15":"product-type-simple"},"_links":{"self":[{"href":"https:\/\/juventudcomunista.com\/tienda\/wp-json\/wp\/v2\/product\/161","targetHints":{"allow":["GET"]}}],"collection":[{"href":"https:\/\/juventudcomunista.com\/tienda\/wp-json\/wp\/v2\/product"}],"about":[{"href":"https:\/\/juventudcomunista.com\/tienda\/wp-json\/wp\/v2\/types\/product"}],"replies":[{"embeddable":true,"href":"https:\/\/juventudcomunista.com\/tienda\/wp-json\/wp\/v2\/comments?post=161"}],"wp:featuredmedia":[{"embeddable":true,"href":"https:\/\/juventudcomunista.com\/tienda\/wp-json\/wp\/v2\/media\/151"}],"wp:attachment":[{"href":"https:\/\/juventudcomunista.com\/tienda\/wp-json\/wp\/v2\/media?parent=161"}],"wp:term":[{"taxonomy":"product_brand","embeddable":true,"href":"https:\/\/juventudcomunista.com\/tienda\/wp-json\/wp\/v2\/product_brand?post=161"},{"taxonomy":"product_cat","embeddable":true,"href":"https:\/\/juventudcomunista.com\/tienda\/wp-json\/wp\/v2\/product_cat?post=161"},{"taxonomy":"product_tag","embeddable":true,"href":"https:\/\/juventudcomunista.com\/tienda\/wp-json\/wp\/v2\/product_tag?post=161"}],"curies":[{"name":"wp","href":"https:\/\/api.w.org\/{rel}","templated":true}]}}