{"id":139,"date":"2024-10-29T13:43:53","date_gmt":"2024-10-29T11:43:53","guid":{"rendered":"https:\/\/juventudcomunista.com\/tienda\/?post_type=product&#038;p=139"},"modified":"2025-08-30T10:03:40","modified_gmt":"2025-08-30T08:03:40","slug":"insignia-oficial-del-emblema-de-la-juventud-sandinista-19-de-julio-js19j-de-nicaragua","status":"publish","type":"product","link":"https:\/\/juventudcomunista.com\/tienda\/producto\/insignia-oficial-del-emblema-de-la-juventud-sandinista-19-de-julio-js19j-de-nicaragua\/","title":{"rendered":"insignia oficial del emblema de la Juventud Sandinista 19 de Julio (JS19J) de Nicaragua"},"content":{"rendered":"<p>Esta es una <strong>insignia oficial del emblema de la Juventud Sandinista 19 de Julio (JS19J)<\/strong> de Nicaragua, una organizaci\u00f3n de j\u00f3venes comprometidos con los ideales de la Revoluci\u00f3n Sandinista. La insignia, troquelada y en buen estado de conservaci\u00f3n, muestra una estrella dorada de cinco puntas que simboliza la lucha y la esperanza de los j\u00f3venes revolucionarios. En la parte inferior de la estrella, se observa una banda en rojo con las iniciales <strong>JS19J<\/strong>, que representan el movimiento juvenil fundado en honor a la Revoluci\u00f3n del 19 de julio de 1979, cuando el Frente Sandinista de Liberaci\u00f3n Nacional (FSLN) derroc\u00f3 a la dictadura de Somoza. Esta insignia es un s\u00edmbolo de la dedicaci\u00f3n de la juventud nicarag\u00fcense a la justicia social y la libertad, y es una pieza valiosa para coleccionistas interesados en la historia de los movimientos revolucionarios latinoamericanos.<\/p>\n<p>Donada por Vicente Serrano.<\/p>\n<p>Hay 1 unidad.<\/p>\n<p>Al comprar este art\u00edculo, habr\u00e1s contribuido a la financiaci\u00f3n del 40\u00ba aniversario de los CJC (Colectivos de J\u00f3venes Comunistas), apoyando as\u00ed nuestras actividades solidarias y celebraciones conmemorativas. Con tu compra, no solo obtienes un art\u00edculo simb\u00f3lico, sino que tambi\u00e9n ayudas a fortalecer el objetivo del evento que se se ha celebrado en Madrid para RECORDAR, SENTIR Y CONTAR la lucha y los valores que defendimos hace cuatro d\u00e9cadas. Los beneficios que puedan quedar se emplearan en apoyo a organizaciones solidarias con Palestina, Sahara Occidental y Cuba. \u00a1Gracias por tu apoyo!<\/p>\n","protected":false},"excerpt":{"rendered":"<p>Insignia troquelada de la <strong>Juventud Sandinista 19 de Julio (JS19J)<\/strong> de Nicaragua, con una estrella dorada y banda roja con las iniciales JS19J. En buen estado, representa el esp\u00edritu revolucionario de la juventud nicarag\u00fcense.<\/p>\n","protected":false},"featured_media":127,"comment_status":"open","ping_status":"closed","template":"","meta":{"site-sidebar-layout":"default","site-content-layout":"","ast-site-content-layout":"default","site-content-style":"default","site-sidebar-style":"default","ast-global-header-display":"","ast-banner-title-visibility":"","ast-main-header-display":"","ast-hfb-above-header-display":"","ast-hfb-below-header-display":"","ast-hfb-mobile-header-display":"","site-post-title":"","ast-breadcrumbs-content":"","ast-featured-img":"","footer-sml-layout":"","ast-disable-related-posts":"","theme-transparent-header-meta":"default","adv-header-id-meta":"","stick-header-meta":"","header-above-stick-meta":"","header-main-stick-meta":"","header-below-stick-meta":"","astra-migrate-meta-layouts":"set","ast-page-background-enabled":"default","ast-page-background-meta":{"desktop":{"background-color":"var(--ast-global-color-4)","background-image":"","background-repeat":"repeat","background-position":"center center","background-size":"auto","background-attachment":"scroll","background-type":"","background-media":"","overlay-type":"","overlay-color":"","overlay-opacity":"","overlay-gradient":""},"tablet":{"background-color":"","background-image":"","background-repeat":"repeat","background-position":"center center","background-size":"auto","background-attachment":"scroll","background-type":"","background-media":"","overlay-type":"","overlay-color":"","overlay-opacity":"","overlay-gradient":""},"mobile":{"background-color":"","background-image":"","background-repeat":"repeat","background-position":"center center","background-size":"auto","background-attachment":"scroll","background-type":"","background-media":"","overlay-type":"","overlay-color":"","overlay-opacity":"","overlay-gradient":""}},"ast-content-background-meta":{"desktop":{"background-color":"var(--ast-global-color-5)","background-image":"","background-repeat":"repeat","background-position":"center center","background-size":"auto","background-attachment":"scroll","background-type":"","background-media":"","overlay-type":"","overlay-color":"","overlay-opacity":"","overlay-gradient":""},"tablet":{"background-color":"var(--ast-global-color-5)","background-image":"","background-repeat":"repeat","background-position":"center center","background-size":"auto","background-attachment":"scroll","background-type":"","background-media":"","overlay-type":"","overlay-color":"","overlay-opacity":"","overlay-gradient":""},"mobile":{"background-color":"var(--ast-global-color-5)","background-image":"","background-repeat":"repeat","background-position":"center center","background-size":"auto","background-attachment":"scroll","background-type":"","background-media":"","overlay-type":"","overlay-color":"","overlay-opacity":"","overlay-gradient":""}}},"product_brand":[],"product_cat":[18],"product_tag":[19],"class_list":{"0":"post-139","1":"product","2":"type-product","3":"status-publish","4":"has-post-thumbnail","6":"product_cat-insignias","7":"product_tag-insignias","8":"desktop-align-left","9":"tablet-align-left","10":"mobile-align-left","12":"first","13":"outofstock","14":"shipping-taxable","15":"purchasable","16":"product-type-simple"},"_links":{"self":[{"href":"https:\/\/juventudcomunista.com\/tienda\/wp-json\/wp\/v2\/product\/139","targetHints":{"allow":["GET"]}}],"collection":[{"href":"https:\/\/juventudcomunista.com\/tienda\/wp-json\/wp\/v2\/product"}],"about":[{"href":"https:\/\/juventudcomunista.com\/tienda\/wp-json\/wp\/v2\/types\/product"}],"replies":[{"embeddable":true,"href":"https:\/\/juventudcomunista.com\/tienda\/wp-json\/wp\/v2\/comments?post=139"}],"wp:featuredmedia":[{"embeddable":true,"href":"https:\/\/juventudcomunista.com\/tienda\/wp-json\/wp\/v2\/media\/127"}],"wp:attachment":[{"href":"https:\/\/juventudcomunista.com\/tienda\/wp-json\/wp\/v2\/media?parent=139"}],"wp:term":[{"taxonomy":"product_brand","embeddable":true,"href":"https:\/\/juventudcomunista.com\/tienda\/wp-json\/wp\/v2\/product_brand?post=139"},{"taxonomy":"product_cat","embeddable":true,"href":"https:\/\/juventudcomunista.com\/tienda\/wp-json\/wp\/v2\/product_cat?post=139"},{"taxonomy":"product_tag","embeddable":true,"href":"https:\/\/juventudcomunista.com\/tienda\/wp-json\/wp\/v2\/product_tag?post=139"}],"curies":[{"name":"wp","href":"https:\/\/api.w.org\/{rel}","templated":true}]}}